{"id":305,"date":"2024-05-12T22:44:51","date_gmt":"2024-05-13T02:44:51","guid":{"rendered":"https:\/\/dev.chantalpicard.com\/?page_id=305"},"modified":"2024-06-04T22:12:09","modified_gmt":"2024-06-05T02:12:09","slug":"massage-therapeutique-rive-sud-longueuil","status":"publish","type":"page","link":"https:\/\/dev.chantalpicard.com\/?page_id=305","title":{"rendered":"Massage th\u00e9rapeutique"},"content":{"rendered":"\n<div class=\"wp-block-buttons is-content-justification-right is-layout-flex wp-container-core-buttons-is-layout-765c4724 wp-block-buttons-is-layout-flex\">\n<div class=\"wp-block-button\"><a class=\"wp-block-button__link has-light-green-cyan-background-color has-background wp-element-button\" href=\"https:\/\/dev.chantalpicard.com\/contact\/\" target=\"_blank\" rel=\"noreferrer noopener\">Prendre rendez-vous<\/a><\/div>\n<\/div>\n\n\n\n<h2 class=\"wp-block-heading\" id=\"kinesitherapie\">Kin\u00e9sith\u00e9rapie<\/h2>\n\n\n\n<p>Cette technique permet de comprendre les pathologies du corps humain. Pour comprendre la douleur et la limitation de mouvement. Cette technique travaille la musculature en profondeur. Ce qui est fort appr\u00e9ci\u00e9 est le gain de souplesse par des \u00e9tirements et la d\u00e9tente profonde des muscles. Aide \u00e0 am\u00e9liorer la mobilit\u00e9 articulaire et favoriser une plus grande amplitude de mouvements.<\/p>\n\n\n\n<h2 class=\"wp-block-heading\" id=\"Massage_suedois\">Massage su\u00e9dois<\/h2>\n\n\n\n<p>Ce massage allie fermet\u00e9 et douceur. Il agit sur les muscles, les articulations, la peau, la respiration, sur le syst\u00e8me nerveux et contribue \u00e0 am\u00e9liorer la sant\u00e9.<\/p>\n\n\n\n<h2 class=\"wp-block-heading\" id=\"Massage_sur_chaise\">Massage sur chaise<\/h2>\n\n\n\n<div class=\"wp-block-columns is-layout-flex wp-container-core-columns-is-layout-9d6595d7 wp-block-columns-is-layout-flex\">\n<div class=\"wp-block-column is-layout-flow wp-block-column-is-layout-flow\" style=\"flex-basis:66.66%\">\n<p class=\"has-text-align-left\">Le massage sur chaise intervient dans les pathologies reli\u00e9es au travail r\u00e9p\u00e9titif. Le client demeure v\u00eatu et le traitement ne requiert aucune huile. Pour une s\u00e9ance variant entre 15 et 30 minutes. <\/p>\n\n\n\n<p>Le massage sur chaise est aussi utilis\u00e9 en clinique quand la personne a de la difficult\u00e9 \u00e0 se coucher sur la table de massage.  Au besoin on ajuste le coussin ventrale en utilisant un oreiller. On peu faire toute la s\u00e9ance sur la chaise de massage ou on combine avec la table de massage pour terminer le rendez-vous.<\/p>\n<\/div>\n\n\n\n<div class=\"wp-block-column is-layout-flow wp-block-column-is-layout-flow\" style=\"flex-basis:33.33%\"><div class=\"wp-block-image\">\n<figure class=\"aligncenter size-full is-resized\"><img loading=\"lazy\" decoding=\"async\" width=\"810\" height=\"1080\" src=\"https:\/\/dev.chantalpicard.com\/wp-content\/uploads\/2024\/05\/Massage-sur-chaise.jpg\" alt=\"\" class=\"wp-image-307\" style=\"width:271px;height:auto\"\/><\/figure>\n<\/div><\/div>\n<\/div>\n\n\n\n<h2 class=\"wp-block-heading\" id=\"Femme_enceinte\">Femme enceinte<\/h2>\n\n\n\n<p>Les futurs mamans sont sujet \u00e0 faire de l\u2019\u0153d\u00e8me, \u00e0 avoir des maux de dos, les jambes lourdes, etc. Ce massage est b\u00e9n\u00e9fique tant pour la maman que pour le b\u00e9b\u00e9 et procure de grands bienfaits m\u00eame apr\u00e8s l&rsquo;accouchement.<\/p>\n\n\n\n<div class=\"wp-block-columns is-layout-flex wp-container-core-columns-is-layout-9d6595d7 wp-block-columns-is-layout-flex\">\n<div class=\"wp-block-column is-layout-flow wp-block-column-is-layout-flow\">\n<p><strong>Ce que les rencontres vous offrent<\/strong><\/p>\n\n\n\n<ul class=\"wp-block-list\">\n<li>Routine compl\u00e8te pour masser b\u00e9b\u00e9 et enfant<\/li>\n\n\n\n<li>Exercices adapt\u00e9s aux groupes d&rsquo;\u00e2ge<\/li>\n\n\n\n<li>L&rsquo;apprentissage th\u00e9orique des bienfaits du massage<\/li>\n\n\n\n<li>Technique simple pour aider \u00e0 soulager: les coliques, les difficult\u00e9s intestinales et la congestion<\/li>\n\n\n\n<li>Technique de relaxation pour parent et b\u00e9b\u00e9<\/li>\n<\/ul>\n<\/div>\n\n\n\n<div class=\"wp-block-column is-layout-flow wp-block-column-is-layout-flow\">\n<p><strong>Ce que vous d\u00e9couvrirez par le toucher<\/strong><\/p>\n\n\n\n<ul class=\"wp-block-list\">\n<li>Il permet de comprendre le langage des pleurs de votre b\u00e9b\u00e9<\/li>\n\n\n\n<li>Il diminue le stress de votre enfant: vaccins, d\u00e9m\u00e9nagement, examens scolaire, etc.<\/li>\n\n\n\n<li>Il favorise un meilleur sommeil<\/li>\n\n\n\n<li>Il d\u00e9veloppe la confiance chez les parents et l&rsquo;enfant<\/li>\n\n\n\n<li>Chez le nouveau-n\u00e9, le toucher stimule, fortifie et r\u00e9gularise les syst\u00e8mes: respiratoire, circulatoire, digestif, immunitaire, musculo-squelettique et nerveux<\/li>\n<\/ul>\n<\/div>\n<\/div>\n","protected":false},"excerpt":{"rendered":"<p>Kin\u00e9sith\u00e9rapie Cette technique permet de comprendre les pathologies du corps humain. Pour comprendre la douleur et la limitation de mouvement. Cette technique travaille la musculature en profondeur. Ce qui est &hellip; <\/p>\n","protected":false},"author":1,"featured_media":38,"parent":0,"menu_order":0,"comment_status":"closed","ping_status":"closed","template":"","meta":{"_seopress_robots_primary_cat":"","_seopress_titles_title":"","_seopress_titles_desc":"","_seopress_robots_index":"","footnotes":""},"class_list":["post-305","page","type-page","status-publish","has-post-thumbnail","hentry","latest_post"],"yoast_head":"<!-- This site is optimized with the Yoast SEO plugin v27.5 - https:\/\/yoast.com\/product\/yoast-seo-wordpress\/ -->\n<title>Massage th\u00e9rapeutique - Chantal Picard<\/title>\n<meta name=\"robots\" content=\"index, follow, max-snippet:-1, max-image-preview:large, max-video-preview:-1\" \/>\n<link rel=\"canonical\" href=\"https:\/\/dev.chantalpicard.com\/?page_id=305\" \/>\n<meta property=\"og:locale\" content=\"fr_CA\" \/>\n<meta property=\"og:type\" content=\"article\" \/>\n<meta property=\"og:title\" content=\"Massage th\u00e9rapeutique - Chantal Picard\" \/>\n<meta property=\"og:description\" content=\"Kin\u00e9sith\u00e9rapie Cette technique permet de comprendre les pathologies du corps humain. Pour comprendre la douleur et la limitation de mouvement. Cette technique travaille la musculature en profondeur. Ce qui est &hellip;\" \/>\n<meta property=\"og:url\" content=\"https:\/\/dev.chantalpicard.com\/?page_id=305\" \/>\n<meta property=\"og:site_name\" content=\"Chantal Picard\" \/>\n<meta property=\"article:modified_time\" content=\"2024-06-05T02:12:09+00:00\" \/>\n<meta property=\"og:image\" content=\"https:\/\/dev.chantalpicard.com\/wp-content\/uploads\/2022\/02\/Tidar.jpg\" \/>\n\t<meta property=\"og:image:width\" content=\"477\" \/>\n\t<meta property=\"og:image:height\" content=\"412\" \/>\n\t<meta property=\"og:image:type\" content=\"image\/jpeg\" \/>\n<meta name=\"twitter:card\" content=\"summary_large_image\" \/>\n<meta name=\"twitter:label1\" content=\"Estimation du temps de lecture\" \/>\n\t<meta name=\"twitter:data1\" content=\"3 minutes\" \/>\n<script type=\"application\/ld+json\" class=\"yoast-schema-graph\">{\"@context\":\"https:\\\/\\\/schema.org\",\"@graph\":[{\"@type\":\"WebPage\",\"@id\":\"https:\\\/\\\/dev.chantalpicard.com\\\/?page_id=305\",\"url\":\"https:\\\/\\\/dev.chantalpicard.com\\\/?page_id=305\",\"name\":\"Massage th\u00e9rapeutique - Chantal Picard\",\"isPartOf\":{\"@id\":\"https:\\\/\\\/dev.chantalpicard.com\\\/#website\"},\"primaryImageOfPage\":{\"@id\":\"https:\\\/\\\/dev.chantalpicard.com\\\/?page_id=305#primaryimage\"},\"image\":{\"@id\":\"https:\\\/\\\/dev.chantalpicard.com\\\/?page_id=305#primaryimage\"},\"thumbnailUrl\":\"https:\\\/\\\/dev.chantalpicard.com\\\/wp-content\\\/uploads\\\/2022\\\/02\\\/Tidar.jpg\",\"datePublished\":\"2024-05-13T02:44:51+00:00\",\"dateModified\":\"2024-06-05T02:12:09+00:00\",\"breadcrumb\":{\"@id\":\"https:\\\/\\\/dev.chantalpicard.com\\\/?page_id=305#breadcrumb\"},\"inLanguage\":\"fr-CA\",\"potentialAction\":[{\"@type\":\"ReadAction\",\"target\":[\"https:\\\/\\\/dev.chantalpicard.com\\\/?page_id=305\"]}]},{\"@type\":\"ImageObject\",\"inLanguage\":\"fr-CA\",\"@id\":\"https:\\\/\\\/dev.chantalpicard.com\\\/?page_id=305#primaryimage\",\"url\":\"https:\\\/\\\/dev.chantalpicard.com\\\/wp-content\\\/uploads\\\/2022\\\/02\\\/Tidar.jpg\",\"contentUrl\":\"https:\\\/\\\/dev.chantalpicard.com\\\/wp-content\\\/uploads\\\/2022\\\/02\\\/Tidar.jpg\",\"width\":477,\"height\":412,\"caption\":\"Th\u00e9rapie aqua-lymphatique M\u00e9thode Tidhar\"},{\"@type\":\"BreadcrumbList\",\"@id\":\"https:\\\/\\\/dev.chantalpicard.com\\\/?page_id=305#breadcrumb\",\"itemListElement\":[{\"@type\":\"ListItem\",\"position\":1,\"name\":\"Accueil\",\"item\":\"https:\\\/\\\/dev.chantalpicard.com\\\/\"},{\"@type\":\"ListItem\",\"position\":2,\"name\":\"Massage th\u00e9rapeutique\"}]},{\"@type\":\"WebSite\",\"@id\":\"https:\\\/\\\/dev.chantalpicard.com\\\/#website\",\"url\":\"https:\\\/\\\/dev.chantalpicard.com\\\/\",\"name\":\"Chantal Picard\",\"description\":\"MASSOTH\u00c9RAPEUTE\",\"publisher\":{\"@id\":\"https:\\\/\\\/dev.chantalpicard.com\\\/#organization\"},\"potentialAction\":[{\"@type\":\"SearchAction\",\"target\":{\"@type\":\"EntryPoint\",\"urlTemplate\":\"https:\\\/\\\/dev.chantalpicard.com\\\/?s={search_term_string}\"},\"query-input\":{\"@type\":\"PropertyValueSpecification\",\"valueRequired\":true,\"valueName\":\"search_term_string\"}}],\"inLanguage\":\"fr-CA\"},{\"@type\":\"Organization\",\"@id\":\"https:\\\/\\\/dev.chantalpicard.com\\\/#organization\",\"name\":\"Chantal Picard\",\"url\":\"https:\\\/\\\/dev.chantalpicard.com\\\/\",\"logo\":{\"@type\":\"ImageObject\",\"inLanguage\":\"fr-CA\",\"@id\":\"https:\\\/\\\/dev.chantalpicard.com\\\/#\\\/schema\\\/logo\\\/image\\\/\",\"url\":\"https:\\\/\\\/dev.chantalpicard.com\\\/wp-content\\\/uploads\\\/2024\\\/06\\\/Chantal-Picard-Massotherapeute-Longueuil-rive-sud-drainage-lymphatique.png\",\"contentUrl\":\"https:\\\/\\\/dev.chantalpicard.com\\\/wp-content\\\/uploads\\\/2024\\\/06\\\/Chantal-Picard-Massotherapeute-Longueuil-rive-sud-drainage-lymphatique.png\",\"width\":337,\"height\":286,\"caption\":\"Chantal Picard\"},\"image\":{\"@id\":\"https:\\\/\\\/dev.chantalpicard.com\\\/#\\\/schema\\\/logo\\\/image\\\/\"}}]}<\/script>\n<!-- \/ Yoast SEO plugin. -->","yoast_head_json":{"title":"Massage th\u00e9rapeutique - Chantal Picard","robots":{"index":"index","follow":"follow","max-snippet":"max-snippet:-1","max-image-preview":"max-image-preview:large","max-video-preview":"max-video-preview:-1"},"canonical":"https:\/\/dev.chantalpicard.com\/?page_id=305","og_locale":"fr_CA","og_type":"article","og_title":"Massage th\u00e9rapeutique - Chantal Picard","og_description":"Kin\u00e9sith\u00e9rapie Cette technique permet de comprendre les pathologies du corps humain. Pour comprendre la douleur et la limitation de mouvement. Cette technique travaille la musculature en profondeur. Ce qui est &hellip;","og_url":"https:\/\/dev.chantalpicard.com\/?page_id=305","og_site_name":"Chantal Picard","article_modified_time":"2024-06-05T02:12:09+00:00","og_image":[{"width":477,"height":412,"url":"https:\/\/dev.chantalpicard.com\/wp-content\/uploads\/2022\/02\/Tidar.jpg","type":"image\/jpeg"}],"twitter_card":"summary_large_image","twitter_misc":{"Estimation du temps de lecture":"3 minutes"},"schema":{"@context":"https:\/\/schema.org","@graph":[{"@type":"WebPage","@id":"https:\/\/dev.chantalpicard.com\/?page_id=305","url":"https:\/\/dev.chantalpicard.com\/?page_id=305","name":"Massage th\u00e9rapeutique - Chantal Picard","isPartOf":{"@id":"https:\/\/dev.chantalpicard.com\/#website"},"primaryImageOfPage":{"@id":"https:\/\/dev.chantalpicard.com\/?page_id=305#primaryimage"},"image":{"@id":"https:\/\/dev.chantalpicard.com\/?page_id=305#primaryimage"},"thumbnailUrl":"https:\/\/dev.chantalpicard.com\/wp-content\/uploads\/2022\/02\/Tidar.jpg","datePublished":"2024-05-13T02:44:51+00:00","dateModified":"2024-06-05T02:12:09+00:00","breadcrumb":{"@id":"https:\/\/dev.chantalpicard.com\/?page_id=305#breadcrumb"},"inLanguage":"fr-CA","potentialAction":[{"@type":"ReadAction","target":["https:\/\/dev.chantalpicard.com\/?page_id=305"]}]},{"@type":"ImageObject","inLanguage":"fr-CA","@id":"https:\/\/dev.chantalpicard.com\/?page_id=305#primaryimage","url":"https:\/\/dev.chantalpicard.com\/wp-content\/uploads\/2022\/02\/Tidar.jpg","contentUrl":"https:\/\/dev.chantalpicard.com\/wp-content\/uploads\/2022\/02\/Tidar.jpg","width":477,"height":412,"caption":"Th\u00e9rapie aqua-lymphatique M\u00e9thode Tidhar"},{"@type":"BreadcrumbList","@id":"https:\/\/dev.chantalpicard.com\/?page_id=305#breadcrumb","itemListElement":[{"@type":"ListItem","position":1,"name":"Accueil","item":"https:\/\/dev.chantalpicard.com\/"},{"@type":"ListItem","position":2,"name":"Massage th\u00e9rapeutique"}]},{"@type":"WebSite","@id":"https:\/\/dev.chantalpicard.com\/#website","url":"https:\/\/dev.chantalpicard.com\/","name":"Chantal Picard","description":"MASSOTH\u00c9RAPEUTE","publisher":{"@id":"https:\/\/dev.chantalpicard.com\/#organization"},"potentialAction":[{"@type":"SearchAction","target":{"@type":"EntryPoint","urlTemplate":"https:\/\/dev.chantalpicard.com\/?s={search_term_string}"},"query-input":{"@type":"PropertyValueSpecification","valueRequired":true,"valueName":"search_term_string"}}],"inLanguage":"fr-CA"},{"@type":"Organization","@id":"https:\/\/dev.chantalpicard.com\/#organization","name":"Chantal Picard","url":"https:\/\/dev.chantalpicard.com\/","logo":{"@type":"ImageObject","inLanguage":"fr-CA","@id":"https:\/\/dev.chantalpicard.com\/#\/schema\/logo\/image\/","url":"https:\/\/dev.chantalpicard.com\/wp-content\/uploads\/2024\/06\/Chantal-Picard-Massotherapeute-Longueuil-rive-sud-drainage-lymphatique.png","contentUrl":"https:\/\/dev.chantalpicard.com\/wp-content\/uploads\/2024\/06\/Chantal-Picard-Massotherapeute-Longueuil-rive-sud-drainage-lymphatique.png","width":337,"height":286,"caption":"Chantal Picard"},"image":{"@id":"https:\/\/dev.chantalpicard.com\/#\/schema\/logo\/image\/"}}]}},"_links":{"self":[{"href":"https:\/\/dev.chantalpicard.com\/index.php?rest_route=\/wp\/v2\/pages\/305","targetHints":{"allow":["GET"]}}],"collection":[{"href":"https:\/\/dev.chantalpicard.com\/index.php?rest_route=\/wp\/v2\/pages"}],"about":[{"href":"https:\/\/dev.chantalpicard.com\/index.php?rest_route=\/wp\/v2\/types\/page"}],"author":[{"embeddable":true,"href":"https:\/\/dev.chantalpicard.com\/index.php?rest_route=\/wp\/v2\/users\/1"}],"replies":[{"embeddable":true,"href":"https:\/\/dev.chantalpicard.com\/index.php?rest_route=%2Fwp%2Fv2%2Fcomments&post=305"}],"version-history":[{"count":4,"href":"https:\/\/dev.chantalpicard.com\/index.php?rest_route=\/wp\/v2\/pages\/305\/revisions"}],"predecessor-version":[{"id":406,"href":"https:\/\/dev.chantalpicard.com\/index.php?rest_route=\/wp\/v2\/pages\/305\/revisions\/406"}],"wp:featuredmedia":[{"embeddable":true,"href":"https:\/\/dev.chantalpicard.com\/index.php?rest_route=\/wp\/v2\/media\/38"}],"wp:attachment":[{"href":"https:\/\/dev.chantalpicard.com\/index.php?rest_route=%2Fwp%2Fv2%2Fmedia&parent=305"}],"curies":[{"name":"wp","href":"https:\/\/api.w.org\/{rel}","templated":true}]}}